{"id":99,"date":"2025-10-12T08:44:40","date_gmt":"2025-10-12T06:44:40","guid":{"rendered":"https:\/\/nrpartners2.kcon.io\/index.php\/home\/"},"modified":"2026-03-22T12:30:34","modified_gmt":"2026-03-22T11:30:34","slug":"home","status":"publish","type":"page","link":"https:\/\/nrpartners2.kcon.io\/","title":{"rendered":"Home"},"content":{"rendered":"\t\t<div data-elementor-type=\"wp-page\" data-elementor-id=\"99\" class=\"elementor elementor-99\" data-elementor-post-type=\"page\">\n\t\t\t\t<div class=\"elementor-element elementor-element-74c99e7c e-flex e-con-boxed e-con e-parent\" data-id=\"74c99e7c\" data-element_type=\"container\" data-e-type=\"container\" data-settings=\"{&quot;background_background&quot;:&quot;classic&quot;}\">\n\t\t\t\t\t<div class=\"e-con-inner\">\n\t\t\t\t<div class=\"elementor-element elementor-element-1b8b8bc7 elementor-widget__width-initial elementor-widget elementor-widget-heading\" data-id=\"1b8b8bc7\" data-element_type=\"widget\" data-e-type=\"widget\" data-widget_type=\"heading.default\">\n\t\t\t\t\t<h6 class=\"elementor-heading-title elementor-size-default\">Bauingenieurwesen | Maschinenbau | Geb\u00e4udetechnik<\/h6>\t\t\t\t<\/div>\n\t\t\t\t<div class=\"elementor-element elementor-element-7f51f294 elementor-widget__width-inherit elementor-widget elementor-widget-heading\" data-id=\"7f51f294\" data-element_type=\"widget\" data-e-type=\"widget\" data-widget_type=\"heading.default\">\n\t\t\t\t\t<h1 class=\"elementor-heading-title elementor-size-default\">Pr\u00fcfpflichten rechtssicher organisieren.<\/h1>\t\t\t\t<\/div>\n\t\t\t\t<div class=\"elementor-element elementor-element-464604c3 elementor-widget elementor-widget-heading\" data-id=\"464604c3\" data-element_type=\"widget\" data-e-type=\"widget\" data-widget_type=\"heading.default\">\n\t\t\t\t\t<h5 class=\"elementor-heading-title elementor-size-default\">Strukturierte Umsetzung gesetzlicher Anforderungen \u2013 von der Analyse \u00fcber technische Pr\u00fcfungen bis zur revisionssicheren Dokumentation.<\/h5>\t\t\t\t<\/div>\n\t\t\t\t<div class=\"elementor-element elementor-element-22aa2a96 elementor-align-center elementor-invisible elementor-widget elementor-widget-button\" data-id=\"22aa2a96\" data-element_type=\"widget\" data-e-type=\"widget\" data-settings=\"{&quot;_animation&quot;:&quot;fadeIn&quot;,&quot;_animation_delay&quot;:400}\" data-widget_type=\"button.default\">\n\t\t\t\t\t\t\t\t\t\t<a class=\"elementor-button elementor-button-link elementor-size-sm\" href=\"https:\/\/nrpartners2.kcon.io\/homepage-testimonials_3-jpg\/\">\n\t\t\t\t\t\t<span class=\"elementor-button-content-wrapper\">\n\t\t\t\t\t\t\t\t\t<span class=\"elementor-button-text\">Erstgespr\u00e4ch vereinbaren<\/span>\n\t\t\t\t\t<\/span>\n\t\t\t\t\t<\/a>\n\t\t\t\t\t\t\t\t<\/div>\n\t\t\t\t\t<\/div>\n\t\t\t\t<\/div>\n\t\t<div class=\"elementor-element elementor-element-53fdba88 e-con-full e-flex e-con e-parent\" data-id=\"53fdba88\" data-element_type=\"container\" data-e-type=\"container\">\n\t\t<div class=\"elementor-element elementor-element-20270b6a e-con-full e-flex e-con e-child\" data-id=\"20270b6a\" data-element_type=\"container\" data-e-type=\"container\">\n\t\t\t\t<div class=\"elementor-element elementor-element-7a6bde93 elementor-widget__width-initial elementor-widget elementor-widget-heading\" data-id=\"7a6bde93\" data-element_type=\"widget\" data-e-type=\"widget\" data-widget_type=\"heading.default\">\n\t\t\t\t\t<h2 class=\"elementor-heading-title elementor-size-default\">Komplexe Vorschriften. Klare Verantwortung!<\/h2>\t\t\t\t<\/div>\n\t\t\t\t<div class=\"elementor-element elementor-element-5aaa5709 elementor-widget elementor-widget-text-editor\" data-id=\"5aaa5709\" data-element_type=\"widget\" data-e-type=\"widget\" data-widget_type=\"text-editor.default\">\n\t\t\t\t\t\t\t\t\t<p>Gesetzliche Pr\u00fcfpflichten, Betreiberverantwortung und technische Auflagen sind fester Bestandteil des Betriebsalltags. Unterschiedliche Normen, Pr\u00fcfintervalle und Dokumentationspflichten erfordern nicht nur Fachwissen, sondern eine klare organisatorische Struktur.<\/p><p>Fehlende \u00dcbersicht oder unvollst\u00e4ndige Nachweise erh\u00f6hen das Haftungsrisiko und binden interne Ressourcen.<\/p>\t\t\t\t\t\t\t\t<\/div>\n\t\t\t\t<\/div>\n\t\t<div class=\"elementor-element elementor-element-526d4eb0 e-con-full e-flex e-con e-child\" data-id=\"526d4eb0\" data-element_type=\"container\" data-e-type=\"container\" data-settings=\"{&quot;background_background&quot;:&quot;classic&quot;}\">\n\t\t\t\t<div class=\"elementor-element elementor-element-6362a71f elementor-widget elementor-widget-image\" data-id=\"6362a71f\" data-element_type=\"widget\" data-e-type=\"widget\" data-widget_type=\"image.default\">\n\t\t\t\t\t\t\t\t\t\t\t\t\t\t\t<img fetchpriority=\"high\" decoding=\"async\" width=\"768\" height=\"419\" src=\"https:\/\/nrpartners2.kcon.io\/wp-content\/uploads\/2026\/01\/heizanlage-768x419.png\" class=\"attachment-medium_large size-medium_large wp-image-832\" alt=\"\" srcset=\"https:\/\/nrpartners2.kcon.io\/wp-content\/uploads\/2026\/01\/heizanlage-768x419.png 768w, https:\/\/nrpartners2.kcon.io\/wp-content\/uploads\/2026\/01\/heizanlage-300x164.png 300w, https:\/\/nrpartners2.kcon.io\/wp-content\/uploads\/2026\/01\/heizanlage.png 800w\" sizes=\"(max-width: 768px) 100vw, 768px\" \/>\t\t\t\t\t\t\t\t\t\t\t\t\t\t\t<\/div>\n\t\t\t\t<\/div>\n\t\t\t\t<\/div>\n\t\t<div class=\"elementor-element elementor-element-629f1781 e-flex e-con-boxed e-con e-parent\" data-id=\"629f1781\" data-element_type=\"container\" data-e-type=\"container\">\n\t\t\t\t\t<div class=\"e-con-inner\">\n\t\t<div class=\"elementor-element elementor-element-26ecfdea e-con-full e-flex e-con e-child\" data-id=\"26ecfdea\" data-element_type=\"container\" data-e-type=\"container\">\n\t\t\t\t<div class=\"elementor-element elementor-element-2b0e15e4 elementor-widget elementor-widget-image\" data-id=\"2b0e15e4\" data-element_type=\"widget\" data-e-type=\"widget\" data-widget_type=\"image.default\">\n\t\t\t\t\t\t\t\t\t\t\t\t\t\t\t<img decoding=\"async\" width=\"572\" height=\"491\" src=\"https:\/\/nrpartners2.kcon.io\/wp-content\/uploads\/2026\/03\/Img-About-3.jpg\" class=\"attachment-large size-large wp-image-1010\" alt=\"\" srcset=\"https:\/\/nrpartners2.kcon.io\/wp-content\/uploads\/2026\/03\/Img-About-3.jpg 572w, https:\/\/nrpartners2.kcon.io\/wp-content\/uploads\/2026\/03\/Img-About-3-300x258.jpg 300w\" sizes=\"(max-width: 572px) 100vw, 572px\" \/>\t\t\t\t\t\t\t\t\t\t\t\t\t\t\t<\/div>\n\t\t\t\t<\/div>\n\t\t<div class=\"elementor-element elementor-element-44a25ad9 e-con-full e-flex e-con e-child\" data-id=\"44a25ad9\" data-element_type=\"container\" data-e-type=\"container\">\n\t\t\t\t<div class=\"elementor-element elementor-element-66ff8a7c elementor-widget elementor-widget-heading\" data-id=\"66ff8a7c\" data-element_type=\"widget\" data-e-type=\"widget\" data-widget_type=\"heading.default\">\n\t\t\t\t\t<h2 class=\"elementor-heading-title elementor-size-default\">Struktur statt Einzelma\u00dfnahmen<\/h2>\t\t\t\t<\/div>\n\t\t\t\t<div class=\"elementor-element elementor-element-44c213d6 elementor-widget elementor-widget-text-editor\" data-id=\"44c213d6\" data-element_type=\"widget\" data-e-type=\"widget\" data-widget_type=\"text-editor.default\">\n\t\t\t\t\t\t\t\t\t<p>nr-partner begleitet Unternehmen entlang des gesamten Pr\u00fcfprozesses. Wir analysieren bestehende Bescheide und Pr\u00fcfprotokolle, identifizieren Handlungsbedarf und organisieren alle erforderlichen Pr\u00fcfungen fachgerecht und fristgerecht.<\/p><p>Durch klare Prozesse und nachvollziehbare Dokumentation entsteht eine belastbare Grundlage f\u00fcr einen rechtssicheren Betrieb.<\/p>\t\t\t\t\t\t\t\t<\/div>\n\t\t\t\t<\/div>\n\t\t\t\t\t<\/div>\n\t\t\t\t<\/div>\n\t\t<div class=\"elementor-element elementor-element-0192db4 e-flex e-con-boxed e-con e-parent\" data-id=\"0192db4\" data-element_type=\"container\" data-e-type=\"container\" data-settings=\"{&quot;background_background&quot;:&quot;classic&quot;}\">\n\t\t\t\t\t<div class=\"e-con-inner\">\n\t\t<div class=\"elementor-element elementor-element-e8a6088 e-con-full e-flex e-con e-child\" data-id=\"e8a6088\" data-element_type=\"container\" data-e-type=\"container\">\n\t\t\t\t<div class=\"elementor-element elementor-element-2dd7ac9 elementor-widget elementor-widget-heading\" data-id=\"2dd7ac9\" data-element_type=\"widget\" data-e-type=\"widget\" data-widget_type=\"heading.default\">\n\t\t\t\t\t<h2 class=\"elementor-heading-title elementor-size-default\">Leistungen im Pr\u00fcfpflichtenmanagement<\/h2>\t\t\t\t<\/div>\n\t\t\t\t<div class=\"elementor-element elementor-element-e60d6f4 elementor-widget elementor-widget-heading\" data-id=\"e60d6f4\" data-element_type=\"widget\" data-e-type=\"widget\" data-widget_type=\"heading.default\">\n\t\t\t\t\t<h5 class=\"elementor-heading-title elementor-size-default\">Von der Analyse gesetzlicher Anforderungen \u00fcber technische Pr\u00fcfungen bis zur strukturierten Dokumentation begleiten wir Unternehmen entlang des gesamten Pr\u00fcfprozesses<\/h5>\t\t\t\t<\/div>\n\t\t\t\t<\/div>\n\t\t<div class=\"elementor-element elementor-element-35ba54f e-con-full e-flex e-con e-child\" data-id=\"35ba54f\" data-element_type=\"container\" data-e-type=\"container\">\n\t\t\t\t<div class=\"elementor-element elementor-element-cd6418f elementor-widget-tablet__width-initial elementor-widget-mobile__width-inherit elementor-widget__width-initial elementor-widget elementor-widget-image-box\" data-id=\"cd6418f\" data-element_type=\"widget\" data-e-type=\"widget\" data-settings=\"{&quot;motion_fx_motion_fx_mouse&quot;:&quot;yes&quot;,&quot;motion_fx_mouseTrack_effect&quot;:&quot;yes&quot;,&quot;motion_fx_mouseTrack_speed&quot;:{&quot;unit&quot;:&quot;px&quot;,&quot;size&quot;:0,&quot;sizes&quot;:[]}}\" data-widget_type=\"image-box.default\">\n\t\t\t\t\t<div class=\"elementor-image-box-wrapper\"><div class=\"elementor-image-box-content\"><h4 class=\"elementor-image-box-title\"><a href=\"https:\/\/library.elementor.com\/local-services-wireframe-1-flexbox\/services\/#service_1\">Analyse &amp; Rechtliche Bewertungen<\/a><\/h4><p class=\"elementor-image-box-description\">Kl\u00e4rung aller relevanten Vorschriften und Betreiberpflichten<\/p><\/div><\/div>\t\t\t\t<\/div>\n\t\t\t\t<div class=\"elementor-element elementor-element-ce4c1ab elementor-widget-tablet__width-initial elementor-widget-mobile__width-inherit elementor-widget__width-initial elementor-widget elementor-widget-image-box\" data-id=\"ce4c1ab\" data-element_type=\"widget\" data-e-type=\"widget\" data-settings=\"{&quot;motion_fx_motion_fx_mouse&quot;:&quot;yes&quot;,&quot;motion_fx_mouseTrack_effect&quot;:&quot;yes&quot;,&quot;motion_fx_mouseTrack_speed&quot;:{&quot;unit&quot;:&quot;px&quot;,&quot;size&quot;:0,&quot;sizes&quot;:[]}}\" data-widget_type=\"image-box.default\">\n\t\t\t\t\t<div class=\"elementor-image-box-wrapper\"><div class=\"elementor-image-box-content\"><h4 class=\"elementor-image-box-title\"><a href=\"https:\/\/library.elementor.com\/local-services-wireframe-1-flexbox\/services\/#service_1\">Technische Pr\u00fcfungen<\/a><\/h4><p class=\"elementor-image-box-description\">Organisation und Durchf\u00fchrung gesetzlich vorgeschriebener Pr\u00fcfungen<\/p><\/div><\/div>\t\t\t\t<\/div>\n\t\t\t\t<div class=\"elementor-element elementor-element-7ac7780 elementor-widget-tablet__width-initial elementor-widget-mobile__width-inherit elementor-widget__width-initial elementor-widget elementor-widget-image-box\" data-id=\"7ac7780\" data-element_type=\"widget\" data-e-type=\"widget\" data-settings=\"{&quot;motion_fx_motion_fx_mouse&quot;:&quot;yes&quot;,&quot;motion_fx_mouseTrack_effect&quot;:&quot;yes&quot;,&quot;motion_fx_mouseTrack_speed&quot;:{&quot;unit&quot;:&quot;px&quot;,&quot;size&quot;:0,&quot;sizes&quot;:[]}}\" data-widget_type=\"image-box.default\">\n\t\t\t\t\t<div class=\"elementor-image-box-wrapper\"><div class=\"elementor-image-box-content\"><h4 class=\"elementor-image-box-title\"><a href=\"https:\/\/library.elementor.com\/local-services-wireframe-1-flexbox\/services\/#service_1\">Digitale Pr\u00fcf- &amp; Dokumentenstruktur<\/a><\/h4><p class=\"elementor-image-box-description\">\u00dcbersicht \u00fcber Fristen, Nachweise und Ma\u00dfnahmen<\/p><\/div><\/div>\t\t\t\t<\/div>\n\t\t\t\t<div class=\"elementor-element elementor-element-9aad778 elementor-widget-tablet__width-initial elementor-widget-mobile__width-inherit elementor-widget__width-initial elementor-widget elementor-widget-image-box\" data-id=\"9aad778\" data-element_type=\"widget\" data-e-type=\"widget\" data-settings=\"{&quot;motion_fx_motion_fx_mouse&quot;:&quot;yes&quot;,&quot;motion_fx_mouseTrack_effect&quot;:&quot;yes&quot;,&quot;motion_fx_mouseTrack_speed&quot;:{&quot;unit&quot;:&quot;px&quot;,&quot;size&quot;:0,&quot;sizes&quot;:[]}}\" data-widget_type=\"image-box.default\">\n\t\t\t\t\t<div class=\"elementor-image-box-wrapper\"><div class=\"elementor-image-box-content\"><h4 class=\"elementor-image-box-title\"><a href=\"https:\/\/library.elementor.com\/local-services-wireframe-1-flexbox\/services\/#service_1\">Beratung &amp; Begleitung<\/a><\/h4><p class=\"elementor-image-box-description\">Unterst\u00fctzung bei Beh\u00f6rdenkontakten und \u00c4nderungen<\/p><\/div><\/div>\t\t\t\t<\/div>\n\t\t\t\t<\/div>\n\t\t\t\t<div class=\"elementor-element elementor-element-10e8f4c elementor-align-center elementor-widget-mobile__width-inherit elementor-invisible elementor-widget elementor-widget-button\" data-id=\"10e8f4c\" data-element_type=\"widget\" data-e-type=\"widget\" data-settings=\"{&quot;_animation&quot;:&quot;fadeInDown&quot;}\" data-widget_type=\"button.default\">\n\t\t\t\t\t\t\t\t\t\t<a class=\"elementor-button elementor-size-sm\" role=\"button\">\n\t\t\t\t\t\t<span class=\"elementor-button-content-wrapper\">\n\t\t\t\t\t\t\t\t\t<span class=\"elementor-button-text\">ERFAHRE MEHR \u00dcBER UNSERE LEISTUNGEN<\/span>\n\t\t\t\t\t<\/span>\n\t\t\t\t\t<\/a>\n\t\t\t\t\t\t\t\t<\/div>\n\t\t\t\t\t<\/div>\n\t\t\t\t<\/div>\n\t\t<div class=\"elementor-element elementor-element-425e2289 e-flex e-con-boxed e-con e-parent\" data-id=\"425e2289\" data-element_type=\"container\" data-e-type=\"container\">\n\t\t\t\t\t<div class=\"e-con-inner\">\n\t\t<div class=\"elementor-element elementor-element-7c03f8d5 e-con-full e-flex e-con e-child\" data-id=\"7c03f8d5\" data-element_type=\"container\" data-e-type=\"container\">\n\t\t\t\t<div class=\"elementor-element elementor-element-731213e2 elementor-widget elementor-widget-heading\" data-id=\"731213e2\" data-element_type=\"widget\" data-e-type=\"widget\" data-widget_type=\"heading.default\">\n\t\t\t\t\t<h2 class=\"elementor-heading-title elementor-size-default\">Interdisziplin\u00e4re Kompetenz f\u00fcr komplexe Anforderungen<\/h2>\t\t\t\t<\/div>\n\t\t\t\t<div class=\"elementor-element elementor-element-27393d05 elementor-widget elementor-widget-text-editor\" data-id=\"27393d05\" data-element_type=\"widget\" data-e-type=\"widget\" data-widget_type=\"text-editor.default\">\n\t\t\t\t\t\t\t\t\t<p>Die Kombination aus Bauingenieurwesen, Maschinenbau und Geb\u00e4udetechnik erm\u00f6glicht einen ganzheitlichen Blick auf technische Anlagen und Betreiberpflichten. Technische, rechtliche und organisatorische Aspekte werden nicht isoliert betrachtet, sondern in einem strukturierten Gesamtsystem zusammengef\u00fchrt<\/p>\t\t\t\t\t\t\t\t<\/div>\n\t\t\t\t<div class=\"elementor-element elementor-element-25110f6 elementor-align-start elementor-list-item-link-inline elementor-icon-list--layout-traditional elementor-widget elementor-widget-icon-list\" data-id=\"25110f6\" data-element_type=\"widget\" data-e-type=\"widget\" data-widget_type=\"icon-list.default\">\n\t\t\t\t\t\t\t<ul class=\"elementor-icon-list-items\">\n\t\t\t\t\t\t\t<li class=\"elementor-icon-list-item\">\n\t\t\t\t\t\t\t\t\t\t\t<a href=\"#\">\n\n\t\t\t\t\t\t\t\t\t\t\t\t<span class=\"elementor-icon-list-icon\">\n\t\t\t\t\t\t\t<svg aria-hidden=\"true\" class=\"e-font-icon-svg e-fas-circle\" viewBox=\"0 0 512 512\" xmlns=\"http:\/\/www.w3.org\/2000\/svg\"><path d=\"M256 8C119 8 8 119 8 256s111 248 248 248 248-111 248-248S393 8 256 8z\"><\/path><\/svg>\t\t\t\t\t\t<\/span>\n\t\t\t\t\t\t\t\t\t\t<span class=\"elementor-icon-list-text\">Interdisziplin\u00e4res Team mit jahrzehnte langer Praxiserfahrung<\/span>\n\t\t\t\t\t\t\t\t\t\t\t<\/a>\n\t\t\t\t\t\t\t\t\t<\/li>\n\t\t\t\t\t\t\t\t<li class=\"elementor-icon-list-item\">\n\t\t\t\t\t\t\t\t\t\t\t<a href=\"#\">\n\n\t\t\t\t\t\t\t\t\t\t\t\t<span class=\"elementor-icon-list-icon\">\n\t\t\t\t\t\t\t<svg aria-hidden=\"true\" class=\"e-font-icon-svg e-fas-circle\" viewBox=\"0 0 512 512\" xmlns=\"http:\/\/www.w3.org\/2000\/svg\"><path d=\"M256 8C119 8 8 119 8 256s111 248 248 248 248-111 248-248S393 8 256 8z\"><\/path><\/svg>\t\t\t\t\t\t<\/span>\n\t\t\t\t\t\t\t\t\t\t<span class=\"elementor-icon-list-text\">Strukturierte Organisation aller Pr\u00fcfpflichten <\/span>\n\t\t\t\t\t\t\t\t\t\t\t<\/a>\n\t\t\t\t\t\t\t\t\t<\/li>\n\t\t\t\t\t\t\t\t<li class=\"elementor-icon-list-item\">\n\t\t\t\t\t\t\t\t\t\t\t<a href=\"#\">\n\n\t\t\t\t\t\t\t\t\t\t\t\t<span class=\"elementor-icon-list-icon\">\n\t\t\t\t\t\t\t<svg aria-hidden=\"true\" class=\"e-font-icon-svg e-fas-circle\" viewBox=\"0 0 512 512\" xmlns=\"http:\/\/www.w3.org\/2000\/svg\"><path d=\"M256 8C119 8 8 119 8 256s111 248 248 248 248-111 248-248S393 8 256 8z\"><\/path><\/svg>\t\t\t\t\t\t<\/span>\n\t\t\t\t\t\t\t\t\t\t<span class=\"elementor-icon-list-text\">Minimierung von Haftungs- und Dokumentationsrisiken.        <\/span>\n\t\t\t\t\t\t\t\t\t\t\t<\/a>\n\t\t\t\t\t\t\t\t\t<\/li>\n\t\t\t\t\t\t\t\t<li class=\"elementor-icon-list-item\">\n\t\t\t\t\t\t\t\t\t\t\t<a href=\"#\">\n\n\t\t\t\t\t\t\t\t\t\t\t\t<span class=\"elementor-icon-list-icon\">\n\t\t\t\t\t\t\t<svg aria-hidden=\"true\" class=\"e-font-icon-svg e-fas-circle\" viewBox=\"0 0 512 512\" xmlns=\"http:\/\/www.w3.org\/2000\/svg\"><path d=\"M256 8C119 8 8 119 8 256s111 248 248 248 248-111 248-248S393 8 256 8z\"><\/path><\/svg>\t\t\t\t\t\t<\/span>\n\t\t\t\t\t\t\t\t\t\t<span class=\"elementor-icon-list-text\">Transparente Prozesse und verl\u00e4ssliche Umsetzung<\/span>\n\t\t\t\t\t\t\t\t\t\t\t<\/a>\n\t\t\t\t\t\t\t\t\t<\/li>\n\t\t\t\t\t\t<\/ul>\n\t\t\t\t\t\t<\/div>\n\t\t\t\t<\/div>\n\t\t<div class=\"elementor-element elementor-element-67d0d8bf e-con-full e-flex e-con e-child\" data-id=\"67d0d8bf\" data-element_type=\"container\" data-e-type=\"container\">\n\t\t\t\t<div class=\"elementor-element elementor-element-1a965243 elementor-widget elementor-widget-image\" data-id=\"1a965243\" data-element_type=\"widget\" data-e-type=\"widget\" data-widget_type=\"image.default\">\n\t\t\t\t\t\t\t\t\t\t\t\t\t\t\t<img decoding=\"async\" width=\"2560\" height=\"1801\" src=\"https:\/\/nrpartners2.kcon.io\/wp-content\/uploads\/2026\/02\/Ulrike_Rauch-8067-3-scaled.jpg\" class=\"attachment-full size-full wp-image-959\" alt=\"\" srcset=\"https:\/\/nrpartners2.kcon.io\/wp-content\/uploads\/2026\/02\/Ulrike_Rauch-8067-3-scaled.jpg 2560w, https:\/\/nrpartners2.kcon.io\/wp-content\/uploads\/2026\/02\/Ulrike_Rauch-8067-3-300x211.jpg 300w, https:\/\/nrpartners2.kcon.io\/wp-content\/uploads\/2026\/02\/Ulrike_Rauch-8067-3-1024x720.jpg 1024w, https:\/\/nrpartners2.kcon.io\/wp-content\/uploads\/2026\/02\/Ulrike_Rauch-8067-3-768x540.jpg 768w, https:\/\/nrpartners2.kcon.io\/wp-content\/uploads\/2026\/02\/Ulrike_Rauch-8067-3-1536x1081.jpg 1536w, https:\/\/nrpartners2.kcon.io\/wp-content\/uploads\/2026\/02\/Ulrike_Rauch-8067-3-2048x1441.jpg 2048w\" sizes=\"(max-width: 2560px) 100vw, 2560px\" \/>\t\t\t\t\t\t\t\t\t\t\t\t\t\t\t<\/div>\n\t\t\t\t<\/div>\n\t\t\t\t\t<\/div>\n\t\t\t\t<\/div>\n\t\t<div class=\"elementor-element elementor-element-3decf3ff e-flex e-con-boxed e-con e-parent\" data-id=\"3decf3ff\" data-element_type=\"container\" data-e-type=\"container\">\n\t\t\t\t\t<div class=\"e-con-inner\">\n\t\t\t\t<div class=\"elementor-element elementor-element-27402902 elementor-widget__width-inherit elementor-widget elementor-widget-heading\" data-id=\"27402902\" data-element_type=\"widget\" data-e-type=\"widget\" data-widget_type=\"heading.default\">\n\t\t\t\t\t<h2 class=\"elementor-heading-title elementor-size-default\">Lassen Sie uns Ihre Pr\u00fcfpflichten strukturieren!<\/h2>\t\t\t\t<\/div>\n\t\t\t\t<div class=\"elementor-element elementor-element-5eff16d8 elementor-widget elementor-widget-text-editor\" data-id=\"5eff16d8\" data-element_type=\"widget\" data-e-type=\"widget\" data-widget_type=\"text-editor.default\">\n\t\t\t\t\t\t\t\t\t<p>Gerne analysieren wir Ihre aktuelle Situation und entwickeln eine strukturierte L\u00f6sung f\u00fcr Ihren Betrieb.<\/p>\t\t\t\t\t\t\t\t<\/div>\n\t\t\t\t<div class=\"elementor-element elementor-element-cf18278 elementor-align-center elementor-widget elementor-widget-button\" data-id=\"cf18278\" data-element_type=\"widget\" data-e-type=\"widget\" data-widget_type=\"button.default\">\n\t\t\t\t\t\t\t\t\t\t<a class=\"elementor-button elementor-button-link elementor-size-sm\" href=\"https:\/\/nrpartners2.kcon.io\/index.php\/contact-us\/#anfrage\">\n\t\t\t\t\t\t<span class=\"elementor-button-content-wrapper\">\n\t\t\t\t\t\t\t\t\t<span class=\"elementor-button-text\">Unverbindliches Erstgespr\u00e4ch<\/span>\n\t\t\t\t\t<\/span>\n\t\t\t\t\t<\/a>\n\t\t\t\t\t\t\t\t<\/div>\n\t\t\t\t\t<\/div>\n\t\t\t\t<\/div>\n\t\t\t\t<\/div>\n\t\t","protected":false},"excerpt":{"rendered":"<p>Bauingenieurwesen | Maschinenbau | Geb\u00e4udetechnik Pr\u00fcfpflichten rechtssicher organisieren. Strukturierte Umsetzung gesetzlicher Anforderungen \u2013 von der Analyse \u00fcber technische Pr\u00fcfungen bis zur revisionssicheren Dokumentation. Erstgespr\u00e4ch vereinbaren Komplexe Vorschriften. Klare Verantwortung! Gesetzliche Pr\u00fcfpflichten, Betreiberverantwortung und technische Auflagen sind fester Bestandteil des Betriebsalltags. Unterschiedliche Normen, Pr\u00fcfintervalle und Dokumentationspflichten erfordern nicht nur Fachwissen, sondern eine klare organisatorische Struktur. Fehlende [&hellip;]<\/p>\n","protected":false},"author":1,"featured_media":119,"parent":0,"menu_order":0,"comment_status":"closed","ping_status":"closed","template":"","meta":{"footnotes":""},"class_list":["post-99","page","type-page","status-publish","has-post-thumbnail","hentry"],"_links":{"self":[{"href":"https:\/\/nrpartners2.kcon.io\/index.php\/wp-json\/wp\/v2\/pages\/99","targetHints":{"allow":["GET"]}}],"collection":[{"href":"https:\/\/nrpartners2.kcon.io\/index.php\/wp-json\/wp\/v2\/pages"}],"about":[{"href":"https:\/\/nrpartners2.kcon.io\/index.php\/wp-json\/wp\/v2\/types\/page"}],"author":[{"embeddable":true,"href":"https:\/\/nrpartners2.kcon.io\/index.php\/wp-json\/wp\/v2\/users\/1"}],"replies":[{"embeddable":true,"href":"https:\/\/nrpartners2.kcon.io\/index.php\/wp-json\/wp\/v2\/comments?post=99"}],"version-history":[{"count":461,"href":"https:\/\/nrpartners2.kcon.io\/index.php\/wp-json\/wp\/v2\/pages\/99\/revisions"}],"predecessor-version":[{"id":1065,"href":"https:\/\/nrpartners2.kcon.io\/index.php\/wp-json\/wp\/v2\/pages\/99\/revisions\/1065"}],"wp:featuredmedia":[{"embeddable":true,"href":"https:\/\/nrpartners2.kcon.io\/index.php\/wp-json\/wp\/v2\/media\/119"}],"wp:attachment":[{"href":"https:\/\/nrpartners2.kcon.io\/index.php\/wp-json\/wp\/v2\/media?parent=99"}],"curies":[{"name":"wp","href":"https:\/\/api.w.org\/{rel}","templated":true}]}}