{"id":8,"date":"2026-02-25T22:25:58","date_gmt":"2026-02-25T21:25:58","guid":{"rendered":"https:\/\/nrpartners2.kcon.io\/?page_id=8"},"modified":"2026-05-06T18:43:59","modified_gmt":"2026-05-06T16:43:59","slug":"analyse-bewertung-gesetzlicher-anforderungen","status":"publish","type":"page","link":"https:\/\/nrpartners2.kcon.io\/index.php\/unsere-leistungen\/analyse-bewertung-gesetzlicher-anforderungen\/","title":{"rendered":"Analyse &#038; Bewertung gesetzlicher Anforderungen"},"content":{"rendered":"\t\t<div data-elementor-type=\"wp-post\" data-elementor-id=\"8\" class=\"elementor elementor-8\" data-elementor-post-type=\"page\">\n\t\t\t\t<div class=\"elementor-element elementor-element-be49acd e-flex e-con-boxed e-con e-parent\" data-id=\"be49acd\" data-element_type=\"container\" data-e-type=\"container\">\n\t\t\t\t\t<div class=\"e-con-inner\">\n\t\t<div class=\"elementor-element elementor-element-7ede6f7 e-con-full e-flex e-con e-child\" data-id=\"7ede6f7\" data-element_type=\"container\" data-e-type=\"container\" data-settings=\"{&quot;background_background&quot;:&quot;classic&quot;}\">\n\t\t\t\t<div class=\"elementor-element elementor-element-2e8b928 elementor-widget__width-inherit elementor-widget elementor-widget-heading\" data-id=\"2e8b928\" data-element_type=\"widget\" data-e-type=\"widget\" data-widget_type=\"heading.default\">\n\t\t\t\t\t<h6 class=\"elementor-heading-title elementor-size-default\">Relevante Vorschriften, Normen und betreiberpflichten<\/h6>\t\t\t\t<\/div>\n\t\t\t\t<div class=\"elementor-element elementor-element-8878958 elementor-widget__width-inherit elementor-widget elementor-widget-heading\" data-id=\"8878958\" data-element_type=\"widget\" data-e-type=\"widget\" data-widget_type=\"heading.default\">\n\t\t\t\t\t<h1 class=\"elementor-heading-title elementor-size-default\">Analyse &amp; Bewertung gesetzlicher Anforderungen<\/h1>\t\t\t\t<\/div>\n\t\t\t\t<div class=\"elementor-element elementor-element-3ae8f64 elementor-widget elementor-widget-heading\" data-id=\"3ae8f64\" data-element_type=\"widget\" data-e-type=\"widget\" data-widget_type=\"heading.default\">\n\t\t\t\t\t<h5 class=\"elementor-heading-title elementor-size-default\">Wir identifizieren alle relevanten Vorschriften Normen und Betreiberpflichten, die f\u00fcr Ihren Betrieb gelten, insbesondere AM- VO, ASchG sowie branchenspezifische Regelwerke.<\/h5>\t\t\t\t<\/div>\n\t\t\t\t<\/div>\n\t\t\t\t\t<\/div>\n\t\t\t\t<\/div>\n\t\t<div class=\"elementor-element elementor-element-5ebbd01 e-flex e-con-boxed e-con e-parent\" data-id=\"5ebbd01\" data-element_type=\"container\" data-e-type=\"container\">\n\t\t\t\t\t<div class=\"e-con-inner\">\n\t\t<div class=\"elementor-element elementor-element-59122b0 e-con-full e-flex e-con e-child\" data-id=\"59122b0\" data-element_type=\"container\" data-e-type=\"container\">\n\t\t<div class=\"elementor-element elementor-element-f7f254b e-con-full e-flex e-con e-child\" data-id=\"f7f254b\" data-element_type=\"container\" data-e-type=\"container\">\n\t\t\t\t<div class=\"elementor-element elementor-element-a6b4301 elementor-widget__width-initial elementor-widget elementor-widget-heading\" data-id=\"a6b4301\" data-element_type=\"widget\" data-e-type=\"widget\" data-widget_type=\"heading.default\">\n\t\t\t\t\t<h2 class=\"elementor-heading-title elementor-size-default\">Warum eine systematische Analyse notwendig ist<\/h2>\t\t\t\t<\/div>\n\t\t\t\t<div class=\"elementor-element elementor-element-181b0ad elementor-widget elementor-widget-text-editor\" data-id=\"181b0ad\" data-element_type=\"widget\" data-e-type=\"widget\" data-widget_type=\"text-editor.default\">\n\t\t\t\t\t\t\t\t\t<div class=\"relative w-full mt-4 mb-1\"><div class=\"\"><div class=\"relative\"><div class=\"h-full min-h-0 min-w-0\"><div class=\"h-full min-h-0 min-w-0\"><div class=\"border border-token-border-light border-radius-3xl corner-superellipse\/1.1 rounded-3xl\"><div class=\"h-full w-full border-radius-3xl bg-token-bg-elevated-secondary corner-superellipse\/1.1 overflow-clip rounded-3xl lxnfua_clipPathFallback\"><div class=\"relative\"><div class=\"pe-11 pt-3\"><div class=\"relative z-0 flex max-w-full\"><div id=\"code-block-viewer\" class=\"q9tKkq_viewer cm-editor z-10 light:cm-light dark:cm-light flex h-full w-full flex-col items-stretch \u037c5 \u037cj\" dir=\"ltr\"><div class=\"cm-scroller\"><div class=\"cm-content q9tKkq_readonly\">Gesetzliche Pr\u00fcfpflichten ergeben sich aus einer Vielzahl von Vorschriften und sind f\u00fcr viele Unternehmen schwer vollst\u00e4ndig zu \u00fcberblicken. Fehlende oder falsche Einsch\u00e4tzungen f\u00fchren zu Haftungsrisiken und Problemen bei Kontrollen.<\/div><\/div><\/div><\/div><\/div><\/div><\/div><\/div><\/div><\/div><\/div><\/div><\/div>\t\t\t\t\t\t\t\t<\/div>\n\t\t\t\t<\/div>\n\t\t<div class=\"elementor-element elementor-element-e992e8e e-con-full e-flex e-con e-child\" data-id=\"e992e8e\" data-element_type=\"container\" data-e-type=\"container\">\n\t\t\t\t<div class=\"elementor-element elementor-element-3590c5b elementor-widget elementor-widget-image\" data-id=\"3590c5b\" data-element_type=\"widget\" data-e-type=\"widget\" data-widget_type=\"image.default\">\n\t\t\t\t\t\t\t\t\t\t\t\t\t\t\t<img fetchpriority=\"high\" decoding=\"async\" width=\"768\" height=\"512\" src=\"https:\/\/nrpartners2.kcon.io\/wp-content\/uploads\/2026\/04\/fortytwo-UBfa_ZX1V4Y-unsplash-768x512.jpg\" class=\"attachment-medium_large size-medium_large wp-image-1138\" alt=\"\" srcset=\"https:\/\/nrpartners2.kcon.io\/wp-content\/uploads\/2026\/04\/fortytwo-UBfa_ZX1V4Y-unsplash-768x512.jpg 768w, https:\/\/nrpartners2.kcon.io\/wp-content\/uploads\/2026\/04\/fortytwo-UBfa_ZX1V4Y-unsplash-300x200.jpg 300w, https:\/\/nrpartners2.kcon.io\/wp-content\/uploads\/2026\/04\/fortytwo-UBfa_ZX1V4Y-unsplash-1024x683.jpg 1024w, https:\/\/nrpartners2.kcon.io\/wp-content\/uploads\/2026\/04\/fortytwo-UBfa_ZX1V4Y-unsplash-1536x1024.jpg 1536w, https:\/\/nrpartners2.kcon.io\/wp-content\/uploads\/2026\/04\/fortytwo-UBfa_ZX1V4Y-unsplash-2048x1365.jpg 2048w\" sizes=\"(max-width: 768px) 100vw, 768px\" \/>\t\t\t\t\t\t\t\t\t\t\t\t\t\t\t<\/div>\n\t\t\t\t<\/div>\n\t\t\t\t<\/div>\n\t\t\t\t\t<\/div>\n\t\t\t\t<\/div>\n\t\t<div class=\"elementor-element elementor-element-0251e5b e-flex e-con-boxed e-con e-parent\" data-id=\"0251e5b\" data-element_type=\"container\" data-e-type=\"container\">\n\t\t\t\t\t<div class=\"e-con-inner\">\n\t\t<div class=\"elementor-element elementor-element-6fffbe1 e-con-full e-flex e-con e-child\" data-id=\"6fffbe1\" data-element_type=\"container\" data-e-type=\"container\">\n\t\t<div class=\"elementor-element elementor-element-bce6e4a e-con-full e-flex e-con e-child\" data-id=\"bce6e4a\" data-element_type=\"container\" data-e-type=\"container\">\n\t\t\t\t<div class=\"elementor-element elementor-element-097beff elementor-widget elementor-widget-image\" data-id=\"097beff\" data-element_type=\"widget\" data-e-type=\"widget\" data-widget_type=\"image.default\">\n\t\t\t\t\t\t\t\t\t\t\t\t\t\t\t<img decoding=\"async\" width=\"768\" height=\"1152\" src=\"https:\/\/nrpartners2.kcon.io\/wp-content\/uploads\/2026\/04\/mael-balland-a7bBJZmdqK4-unsplash-1-768x1152.jpg\" class=\"attachment-medium_large size-medium_large wp-image-1137\" alt=\"\" srcset=\"https:\/\/nrpartners2.kcon.io\/wp-content\/uploads\/2026\/04\/mael-balland-a7bBJZmdqK4-unsplash-1-768x1152.jpg 768w, https:\/\/nrpartners2.kcon.io\/wp-content\/uploads\/2026\/04\/mael-balland-a7bBJZmdqK4-unsplash-1-200x300.jpg 200w, https:\/\/nrpartners2.kcon.io\/wp-content\/uploads\/2026\/04\/mael-balland-a7bBJZmdqK4-unsplash-1-683x1024.jpg 683w, https:\/\/nrpartners2.kcon.io\/wp-content\/uploads\/2026\/04\/mael-balland-a7bBJZmdqK4-unsplash-1-1024x1536.jpg 1024w, https:\/\/nrpartners2.kcon.io\/wp-content\/uploads\/2026\/04\/mael-balland-a7bBJZmdqK4-unsplash-1-1365x2048.jpg 1365w, https:\/\/nrpartners2.kcon.io\/wp-content\/uploads\/2026\/04\/mael-balland-a7bBJZmdqK4-unsplash-1-scaled.jpg 1707w\" sizes=\"(max-width: 768px) 100vw, 768px\" \/>\t\t\t\t\t\t\t\t\t\t\t\t\t\t\t<\/div>\n\t\t\t\t<\/div>\n\t\t<div class=\"elementor-element elementor-element-952b60f e-con-full e-flex e-con e-child\" data-id=\"952b60f\" data-element_type=\"container\" data-e-type=\"container\">\n\t\t\t\t<div class=\"elementor-element elementor-element-fb89044 elementor-widget elementor-widget-heading\" data-id=\"fb89044\" data-element_type=\"widget\" data-e-type=\"widget\" data-widget_type=\"heading.default\">\n\t\t\t\t\t<h2 class=\"elementor-heading-title elementor-size-default\">Das umfasst unsere Analyse<\/h2>\t\t\t\t<\/div>\n\t\t\t\t<div class=\"elementor-element elementor-element-a2d0b91 elementor-align-start elementor-list-item-link-inline elementor-widget elementor-widget-icon-list\" data-id=\"a2d0b91\" data-element_type=\"widget\" data-e-type=\"widget\" data-settings=\"{&quot;motion_fx_motion_fx_scrolling&quot;:&quot;yes&quot;,&quot;motion_fx_devices&quot;:[&quot;desktop&quot;,&quot;tablet&quot;,&quot;mobile&quot;]}\" data-widget_type=\"icon-list.default\">\n\t\t\t\t\t\t\t<ul class=\"elementor-icon-list-items\">\n\t\t\t\t\t\t\t<li class=\"elementor-icon-list-item\">\n\t\t\t\t\t\t\t\t\t\t\t<a href=\"#\">\n\n\t\t\t\t\t\t\t\t\t\t\t\t<span class=\"elementor-icon-list-icon\">\n\t\t\t\t\t\t\t<svg aria-hidden=\"true\" class=\"e-font-icon-svg e-fas-circle\" viewBox=\"0 0 512 512\" xmlns=\"http:\/\/www.w3.org\/2000\/svg\"><path d=\"M256 8C119 8 8 119 8 256s111 248 248 248 248-111 248-248S393 8 256 8z\"><\/path><\/svg>\t\t\t\t\t\t<\/span>\n\t\t\t\t\t\t\t\t\t\t<span class=\"elementor-icon-list-text\">Erfassung aller relevanten Anlagen und Betriebsmittel<\/span>\n\t\t\t\t\t\t\t\t\t\t\t<\/a>\n\t\t\t\t\t\t\t\t\t<\/li>\n\t\t\t\t\t\t\t\t<li class=\"elementor-icon-list-item\">\n\t\t\t\t\t\t\t\t\t\t\t<a href=\"#\">\n\n\t\t\t\t\t\t\t\t\t\t\t\t<span class=\"elementor-icon-list-icon\">\n\t\t\t\t\t\t\t<svg aria-hidden=\"true\" class=\"e-font-icon-svg e-fas-circle\" viewBox=\"0 0 512 512\" xmlns=\"http:\/\/www.w3.org\/2000\/svg\"><path d=\"M256 8C119 8 8 119 8 256s111 248 248 248 248-111 248-248S393 8 256 8z\"><\/path><\/svg>\t\t\t\t\t\t<\/span>\n\t\t\t\t\t\t\t\t\t\t<span class=\"elementor-icon-list-text\">Bewertung der Pr\u00fcfpflichten gem\u00e4\u00df AM-VO und weiterer gesetzlicher Grundlagen<\/span>\n\t\t\t\t\t\t\t\t\t\t\t<\/a>\n\t\t\t\t\t\t\t\t\t<\/li>\n\t\t\t\t\t\t\t\t<li class=\"elementor-icon-list-item\">\n\t\t\t\t\t\t\t\t\t\t\t<a href=\"#\">\n\n\t\t\t\t\t\t\t\t\t\t\t\t<span class=\"elementor-icon-list-icon\">\n\t\t\t\t\t\t\t<svg aria-hidden=\"true\" class=\"e-font-icon-svg e-fas-circle\" viewBox=\"0 0 512 512\" xmlns=\"http:\/\/www.w3.org\/2000\/svg\"><path d=\"M256 8C119 8 8 119 8 256s111 248 248 248 248-111 248-248S393 8 256 8z\"><\/path><\/svg>\t\t\t\t\t\t<\/span>\n\t\t\t\t\t\t\t\t\t\t<span class=\"elementor-icon-list-text\">Identifikation von Haftungsrisiken und rechtlichen L\u00fccken<\/span>\n\t\t\t\t\t\t\t\t\t\t\t<\/a>\n\t\t\t\t\t\t\t\t\t<\/li>\n\t\t\t\t\t\t\t\t<li class=\"elementor-icon-list-item\">\n\t\t\t\t\t\t\t\t\t\t\t<a href=\"#\">\n\n\t\t\t\t\t\t\t\t\t\t\t\t<span class=\"elementor-icon-list-icon\">\n\t\t\t\t\t\t\t<svg aria-hidden=\"true\" class=\"e-font-icon-svg e-fas-circle\" viewBox=\"0 0 512 512\" xmlns=\"http:\/\/www.w3.org\/2000\/svg\"><path d=\"M256 8C119 8 8 119 8 256s111 248 248 248 248-111 248-248S393 8 256 8z\"><\/path><\/svg>\t\t\t\t\t\t<\/span>\n\t\t\t\t\t\t\t\t\t\t<span class=\"elementor-icon-list-text\">Erstellung eines konkreten  Ma\u00dfnahmenplans zur rechtskonformen Umsetzung<\/span>\n\t\t\t\t\t\t\t\t\t\t\t<\/a>\n\t\t\t\t\t\t\t\t\t<\/li>\n\t\t\t\t\t\t<\/ul>\n\t\t\t\t\t\t<\/div>\n\t\t\t\t<\/div>\n\t\t\t\t<\/div>\n\t\t\t\t\t<\/div>\n\t\t\t\t<\/div>\n\t\t<div class=\"elementor-element elementor-element-11ce6e5d e-flex e-con-boxed e-con e-parent\" data-id=\"11ce6e5d\" data-element_type=\"container\" data-e-type=\"container\">\n\t\t\t\t\t<div class=\"e-con-inner\">\n\t\t\t\t<div class=\"elementor-element elementor-element-2538fef1 elementor-widget__width-inherit elementor-widget elementor-widget-heading\" data-id=\"2538fef1\" data-element_type=\"widget\" data-e-type=\"widget\" data-widget_type=\"heading.default\">\n\t\t\t\t\t<h2 class=\"elementor-heading-title elementor-size-default\">Lassen Sie uns Ihre Pr\u00fcfpflichten strukturieren!<\/h2>\t\t\t\t<\/div>\n\t\t\t\t<div class=\"elementor-element elementor-element-79954c9b elementor-widget elementor-widget-text-editor\" data-id=\"79954c9b\" data-element_type=\"widget\" data-e-type=\"widget\" data-widget_type=\"text-editor.default\">\n\t\t\t\t\t\t\t\t\t<p>Gerne analysieren wir Ihre aktuelle Situation und entwickeln eine strukturierte L\u00f6sung f\u00fcr Ihren Betrieb.<\/p>\t\t\t\t\t\t\t\t<\/div>\n\t\t\t\t<div class=\"elementor-element elementor-element-520e69eb elementor-align-center elementor-invisible elementor-widget elementor-widget-button\" data-id=\"520e69eb\" data-element_type=\"widget\" data-e-type=\"widget\" data-settings=\"{&quot;_animation&quot;:&quot;fadeInDown&quot;}\" data-widget_type=\"button.default\">\n\t\t\t\t\t\t\t\t\t\t<a class=\"elementor-button elementor-button-link elementor-size-sm\" href=\"https:\/\/nrpartners2.kcon.io\/index.php\/kontakt\/\">\n\t\t\t\t\t\t<span class=\"elementor-button-content-wrapper\">\n\t\t\t\t\t\t\t\t\t<span class=\"elementor-button-text\">Unverbindliches Erstgespr\u00e4ch<\/span>\n\t\t\t\t\t<\/span>\n\t\t\t\t\t<\/a>\n\t\t\t\t\t\t\t\t<\/div>\n\t\t\t\t\t<\/div>\n\t\t\t\t<\/div>\n\t\t\t\t<\/div>\n\t\t","protected":false},"excerpt":{"rendered":"<p>Relevante Vorschriften, Normen und betreiberpflichten Analyse &amp; Bewertung gesetzlicher Anforderungen Wir identifizieren alle relevanten Vorschriften Normen und Betreiberpflichten, die f\u00fcr Ihren Betrieb gelten, insbesondere AM- VO, ASchG sowie branchenspezifische Regelwerke. Warum eine systematische Analyse notwendig ist Gesetzliche Pr\u00fcfpflichten ergeben sich aus einer Vielzahl von Vorschriften und sind f\u00fcr viele Unternehmen schwer vollst\u00e4ndig zu \u00fcberblicken. Fehlende [&hellip;]<\/p>\n","protected":false},"author":1,"featured_media":0,"parent":120,"menu_order":0,"comment_status":"closed","ping_status":"closed","template":"","meta":{"footnotes":""},"class_list":["post-8","page","type-page","status-publish","hentry"],"_links":{"self":[{"href":"https:\/\/nrpartners2.kcon.io\/index.php\/wp-json\/wp\/v2\/pages\/8","targetHints":{"allow":["GET"]}}],"collection":[{"href":"https:\/\/nrpartners2.kcon.io\/index.php\/wp-json\/wp\/v2\/pages"}],"about":[{"href":"https:\/\/nrpartners2.kcon.io\/index.php\/wp-json\/wp\/v2\/types\/page"}],"author":[{"embeddable":true,"href":"https:\/\/nrpartners2.kcon.io\/index.php\/wp-json\/wp\/v2\/users\/1"}],"replies":[{"embeddable":true,"href":"https:\/\/nrpartners2.kcon.io\/index.php\/wp-json\/wp\/v2\/comments?post=8"}],"version-history":[{"count":68,"href":"https:\/\/nrpartners2.kcon.io\/index.php\/wp-json\/wp\/v2\/pages\/8\/revisions"}],"predecessor-version":[{"id":2063,"href":"https:\/\/nrpartners2.kcon.io\/index.php\/wp-json\/wp\/v2\/pages\/8\/revisions\/2063"}],"up":[{"embeddable":true,"href":"https:\/\/nrpartners2.kcon.io\/index.php\/wp-json\/wp\/v2\/pages\/120"}],"wp:attachment":[{"href":"https:\/\/nrpartners2.kcon.io\/index.php\/wp-json\/wp\/v2\/media?parent=8"}],"curies":[{"name":"wp","href":"https:\/\/api.w.org\/{rel}","templated":true}]}}